{"id":820,"date":"2023-03-21T13:54:37","date_gmt":"2023-03-21T13:54:37","guid":{"rendered":"https:\/\/aseatatthetable.cfpdp.com\/?page_id=820"},"modified":"2025-07-07T14:13:43","modified_gmt":"2025-07-07T18:13:43","slug":"820-2","status":"publish","type":"page","link":"https:\/\/aseatatthetable.cfpdp.com\/index.php\/820-2\/","title":{"rendered":""},"content":{"rendered":"\n<figure class=\"wp-block-image size-medium\"><img fetchpriority=\"high\" decoding=\"async\" width=\"217\" height=\"300\" src=\"https:\/\/aseatatthetable.cfpdp.com\/wp-content\/uploads\/2023\/03\/IMG_5894-217x300.jpg\" alt=\"\" class=\"wp-image-821\" srcset=\"https:\/\/aseatatthetable.cfpdp.com\/wp-content\/uploads\/2023\/03\/IMG_5894-217x300.jpg 217w, https:\/\/aseatatthetable.cfpdp.com\/wp-content\/uploads\/2023\/03\/IMG_5894-100x138.jpg 100w, https:\/\/aseatatthetable.cfpdp.com\/wp-content\/uploads\/2023\/03\/IMG_5894-150x207.jpg 150w, https:\/\/aseatatthetable.cfpdp.com\/wp-content\/uploads\/2023\/03\/IMG_5894-200x276.jpg 200w, https:\/\/aseatatthetable.cfpdp.com\/wp-content\/uploads\/2023\/03\/IMG_5894-300x414.jpg 300w, https:\/\/aseatatthetable.cfpdp.com\/wp-content\/uploads\/2023\/03\/IMG_5894-450x622.jpg 450w, https:\/\/aseatatthetable.cfpdp.com\/wp-content\/uploads\/2023\/03\/IMG_5894.jpg 566w\" sizes=\"(max-width: 217px) 100vw, 217px\" \/><figcaption class=\"wp-element-caption\">Beno\u00eet Huot<\/figcaption><\/figure>\n\n\n\n<h1 class=\"wp-block-heading\"><strong>Beno\u00eet Huot<\/strong>, <strong>C.M., C.Q., PLY, MBA<\/strong><\/h1>\n\n\n\n<h3 class=\"wp-block-heading\">Saint-Lambert, QC<\/h3>\n\n\n\n<p>Member of the Order of Canada (C.M.) and Knight of the Order of Quebec (C.Q.), Beno\u00eet Huot represented Canada in Para swimming at five Paralympic Games, including Sydney 2000, Athens 2004, Beijing 2008, London 2012 and Rio 2016. He won 20 Paralympic medals, 32 world championship medals and four Commonwealth Games medals. Beno\u00eet also broke more than 60 world records in Para swimming.<\/p>\n\n\n\n<p>Now retired from his athletic career, Beno\u00eet is Director of Operations for Groupe HELIOS, which manages, operates and maintains facilities in the water, building, recreation and industrial sectors. He is a consultant in communications, operations, marketing and fundraising for sporting organizations, and includes accessibility, diversity and inclusion among his many specialties.<\/p>\n\n\n\n<p>Over the years, Beno\u00eet has been a spokesperson, brand\/corporate ambassador, keynote speaker and emcee for numerous organizations. Since 2001 he has worked with companies including Canadian Tire, VISA, Facebook, Amazon, L&#8217;Or\u00e9al Canada, Pfizer Canada, Nestl\u00e9 Canada, Speedo, CIBC, RBC and Home Depot, among others.<\/p>\n\n\n\n<p>In media and public relations, Beno\u00eet has served as an emcee for the Government of Canada, hosting events for Prime Minister Harper and Prime Minister Charest. He has worked closely with several different Members of Parliament. Beno\u00eet is also a freelance radio\/TV host and sports analyst for CBC\/Radio Canada. Beno\u00eet and his wife Annie Couture own and operate a Canadian Tire franchise in C\u00f4te-des-Neiges, Montreal.<\/p>\n\n\n\n<p>Beno\u00eet has a club foot on his right leg.<\/p>\n\n\n\n<p><strong>BOARD MEMBERSHIPS AND COMMITTEE EXPERIENCE<\/strong><\/p>\n\n\n\n<ul class=\"wp-block-list\">\n<li>Chair, Para-Sports Qu\u00e9bec (2023\u2013present)<\/li>\n\n\n\n<li>Director, MXZN Technologies (2020\u2013present)<\/li>\n\n\n\n<li>Director, La Prairie Immobilier (2019\u2013present)<\/li>\n\n\n\n<li>Director, Institut National des Sports du Qu\u00e9bec (2018\u2013present)<\/li>\n\n\n\n<li>Ambassador, Jumpstart Foundation (2013\u2013present)<\/li>\n\n\n\n<li>Founder, Beno\u00eet Huot Foundation (2009\u2013present)<\/li>\n\n\n\n<li>Ambassador, Right to Play (2005\u2013present)<\/li>\n\n\n\n<li>Chair, Special Olympics Queb\u00e9c Games (2021\u20132022)<\/li>\n\n\n\n<li>Director, Paralympic Foundation of Canada (2016\u20132019)<\/li>\n\n\n\n<li>Board Member, Athlete Council, Swimming Canada (2014\u20132018)<\/li>\n\n\n\n<li>Director, F\u00e9d\u00e9ration de Natation du Qu\u00e9bec (2013\u20132015)<\/li>\n\n\n\n<li>Board Member, Development Committee, Canadian Paralympic Committee (2010\u20132014)<\/li>\n\n\n\n<li>Member, Athlete Council, Commonwealth Games Canada (2010\u20132014)<\/li>\n<\/ul>\n\n\n\n<p><strong>EDUCATION AND CREDENTIALS<\/strong><\/p>\n\n\n\n<ul class=\"wp-block-list\">\n<li>Executive MBA, Queen\u2019s University, Smith School of Business (2020)<\/li>\n\n\n\n<li>Certificate in Social Impact, Queen\u2019s University, Smith School of Business (2019)<\/li>\n\n\n\n<li>BA, Universit\u00e9 du Qu\u00e9bec \u00e0 Montr\u00e9al (UQAM) (2014)<\/li>\n\n\n\n<li>Business Certificate, TELUQ (UQAM) (2014)<\/li>\n<\/ul>\n\n\n\n<p class=\"has-text-align-right\"><em>Updated June 9, 2025<\/em><\/p>\n\n\n\n<p><\/p>\n","protected":false},"excerpt":{"rendered":"<p>Beno\u00eet Huot, C.M., C.Q., PLY, MBA Saint-Lambert, QC Member of the Order of Canada (C.M.) and Knight of the Order of Quebec (C.Q.), Beno\u00eet Huot represented Canada in Para swimming at five Paralympic Games, including Sydney 2000, Athens 2004, Beijing &hellip;<\/p>\n<p class=\"read-more\"> <a class=\"more-link\" href=\"https:\/\/aseatatthetable.cfpdp.com\/index.php\/820-2\/\">  Read More &raquo;<\/a><\/p>\n","protected":false},"author":2,"featured_media":0,"parent":0,"menu_order":0,"comment_status":"closed","ping_status":"closed","template":"","meta":{"footnotes":""},"class_list":["post-820","page","type-page","status-publish","hentry"],"_links":{"self":[{"href":"https:\/\/aseatatthetable.cfpdp.com\/index.php\/wp-json\/wp\/v2\/pages\/820","targetHints":{"allow":["GET"]}}],"collection":[{"href":"https:\/\/aseatatthetable.cfpdp.com\/index.php\/wp-json\/wp\/v2\/pages"}],"about":[{"href":"https:\/\/aseatatthetable.cfpdp.com\/index.php\/wp-json\/wp\/v2\/types\/page"}],"author":[{"embeddable":true,"href":"https:\/\/aseatatthetable.cfpdp.com\/index.php\/wp-json\/wp\/v2\/users\/2"}],"replies":[{"embeddable":true,"href":"https:\/\/aseatatthetable.cfpdp.com\/index.php\/wp-json\/wp\/v2\/comments?post=820"}],"version-history":[{"count":8,"href":"https:\/\/aseatatthetable.cfpdp.com\/index.php\/wp-json\/wp\/v2\/pages\/820\/revisions"}],"predecessor-version":[{"id":1559,"href":"https:\/\/aseatatthetable.cfpdp.com\/index.php\/wp-json\/wp\/v2\/pages\/820\/revisions\/1559"}],"wp:attachment":[{"href":"https:\/\/aseatatthetable.cfpdp.com\/index.php\/wp-json\/wp\/v2\/media?parent=820"}],"curies":[{"name":"wp","href":"https:\/\/api.w.org\/{rel}","templated":true}]}}