{"id":583,"date":"2021-11-19T18:45:22","date_gmt":"2021-11-19T18:45:22","guid":{"rendered":"https:\/\/aseatatthetable.cfpdp.com\/?page_id=583"},"modified":"2025-07-07T16:46:37","modified_gmt":"2025-07-07T20:46:37","slug":"583-2","status":"publish","type":"page","link":"https:\/\/aseatatthetable.cfpdp.com\/index.php\/583-2\/","title":{"rendered":""},"content":{"rendered":"\n<figure class=\"wp-block-image size-full is-resized\"><img fetchpriority=\"high\" decoding=\"async\" width=\"2560\" height=\"2156\" src=\"https:\/\/aseatatthetable.cfpdp.com\/wp-content\/uploads\/2025\/06\/Francois-Beauregard-new-photo-2025-04-11-cropped-again-scaled.jpg\" alt=\"\" class=\"wp-image-1422\" style=\"width:283px;height:auto\" srcset=\"https:\/\/aseatatthetable.cfpdp.com\/wp-content\/uploads\/2025\/06\/Francois-Beauregard-new-photo-2025-04-11-cropped-again-scaled.jpg 2560w, https:\/\/aseatatthetable.cfpdp.com\/wp-content\/uploads\/2025\/06\/Francois-Beauregard-new-photo-2025-04-11-cropped-again-300x253.jpg 300w, https:\/\/aseatatthetable.cfpdp.com\/wp-content\/uploads\/2025\/06\/Francois-Beauregard-new-photo-2025-04-11-cropped-again-1024x862.jpg 1024w, https:\/\/aseatatthetable.cfpdp.com\/wp-content\/uploads\/2025\/06\/Francois-Beauregard-new-photo-2025-04-11-cropped-again-768x647.jpg 768w, https:\/\/aseatatthetable.cfpdp.com\/wp-content\/uploads\/2025\/06\/Francois-Beauregard-new-photo-2025-04-11-cropped-again-1536x1294.jpg 1536w, https:\/\/aseatatthetable.cfpdp.com\/wp-content\/uploads\/2025\/06\/Francois-Beauregard-new-photo-2025-04-11-cropped-again-2048x1725.jpg 2048w, https:\/\/aseatatthetable.cfpdp.com\/wp-content\/uploads\/2025\/06\/Francois-Beauregard-new-photo-2025-04-11-cropped-again-100x84.jpg 100w, https:\/\/aseatatthetable.cfpdp.com\/wp-content\/uploads\/2025\/06\/Francois-Beauregard-new-photo-2025-04-11-cropped-again-150x126.jpg 150w, https:\/\/aseatatthetable.cfpdp.com\/wp-content\/uploads\/2025\/06\/Francois-Beauregard-new-photo-2025-04-11-cropped-again-200x168.jpg 200w, https:\/\/aseatatthetable.cfpdp.com\/wp-content\/uploads\/2025\/06\/Francois-Beauregard-new-photo-2025-04-11-cropped-again-450x379.jpg 450w, https:\/\/aseatatthetable.cfpdp.com\/wp-content\/uploads\/2025\/06\/Francois-Beauregard-new-photo-2025-04-11-cropped-again-600x505.jpg 600w, https:\/\/aseatatthetable.cfpdp.com\/wp-content\/uploads\/2025\/06\/Francois-Beauregard-new-photo-2025-04-11-cropped-again-900x758.jpg 900w\" sizes=\"(max-width: 2560px) 100vw, 2560px\" \/><figcaption class=\"wp-element-caption\">Fran\u00e7ois Beauregard<\/figcaption><\/figure>\n\n\n\n<h1 class=\"wp-block-heading\">Fran\u00e7ois Beauregard<\/h1>\n\n\n\n<h3 class=\"wp-block-heading\">Longueuil, QC<\/h3>\n\n\n\n<p>Fran\u00e7ois, who is visually handicapped with retinitis pigmentosa, has played a leadership role in the Quebec blind community for the past two decades.<\/p>\n\n\n\n<p>His contributions include ten years as Vice-Chair of the Board at the CNIB, Quebec Division. He was also President of la Fondation des Aveugles du Qu\u00e9bec from 2007 to 2011 and served two years as a Board Member at l&#8217;Institut Nazareth et Louis-Braille.<\/p>\n\n\n\n<p>After schooling at Coll\u00e8ge Jean-de-Br\u00e9beuf and Concordia University, Fran\u00e7ois initially worked as a financial journalist. In 1983 he transitioned to the securities and advisory industry as a Financial Advisor and Manager.<\/p>\n\n\n\n<p>Fran\u00e7ois earned his CFA (Chartered Financial Analyst) professional designation in 1997. He joined Richardson Partners Financial in 2005, remaining with the firm until he retired in 2018. While at Richardson he was a member of the Board of Directors, from 2013 to 2017.<\/p>\n\n\n\n<p>Fran\u00e7ois has authored a book on financial planning, written a newspaper column and participated in several television programs.<\/p>\n\n\n\n<p>For the past 20 years Fran\u00e7ois has played blind hockey with les Hiboux de Montr\u00e9al, also serving as one of the club&#8217;s organizers. From 2012 to 2023 he held the position of Vice-President of Canadian Blind Hockey \/ Hockey sonore Canada.<\/p>\n\n\n\n<p><strong>BOARD MEMBERSHIPS AND COMMITTEE EXPERIENCE<\/strong><\/p>\n\n\n\n<ul class=\"wp-block-list\">\n<li>Board Member, Departmental Audit Committee, Public Prosecution Service of Canada (2025\u2013present)<\/li>\n\n\n\n<li>Board Chair, Accessible Media Inc. (AMI) (2022\u2013present)<\/li>\n\n\n\n<li>Board Member, Finance and Risk Committees, Accessible Media Inc. (2015\u2013present)<\/li>\n\n\n\n<li>Board Member, Investment Committee, CNIB (2017\u2013present)<\/li>\n\n\n\n<li>Board Member and Vice-President, Canadian Blind Hockey (2012\u20132023)<\/li>\n\n\n\n<li>Board Member, Richardson GMP (2013\u20132017)<\/li>\n\n\n\n<li>Board Vice-Chair, CNIB, Quebec Division (1996\u20132005)<\/li>\n\n\n\n<li>Board Member, Institut Nazareth et Louis\u2010Braille (2009\u20132010)<\/li>\n\n\n\n<li>Board Chair, Fondation des Aveugles du Qu\u00e9bec (2007\u20132011)<\/li>\n<\/ul>\n\n\n\n<p><strong>EDUCATION AND CREDENTIALS<\/strong><\/p>\n\n\n\n<ul class=\"wp-block-list\">\n<li>Chartered Financial Analyst (CFA), 1997<\/li>\n\n\n\n<li>Fellow, Canadian Security Institute, 1987<\/li>\n\n\n\n<li>Concordia University, Political Sciences and History, 1977\u20131979<\/li>\n\n\n\n<li>Coll\u00e8ge Jean-de-Br\u00e9beuf, 1970\u20131977<\/li>\n<\/ul>\n\n\n\n<p class=\"has-text-align-right\"><em>Updated June 9, 2025<\/em><\/p>\n","protected":false},"excerpt":{"rendered":"<p>Fran\u00e7ois Beauregard Longueuil, QC Fran\u00e7ois, who is visually handicapped with retinitis pigmentosa, has played a leadership role in the Quebec blind community for the past two decades. His contributions include ten years as Vice-Chair of the Board at the CNIB, &hellip;<\/p>\n<p class=\"read-more\"> <a class=\"more-link\" href=\"https:\/\/aseatatthetable.cfpdp.com\/index.php\/583-2\/\">  Read More &raquo;<\/a><\/p>\n","protected":false},"author":2,"featured_media":0,"parent":0,"menu_order":0,"comment_status":"closed","ping_status":"closed","template":"","meta":{"footnotes":""},"class_list":["post-583","page","type-page","status-publish","hentry"],"_links":{"self":[{"href":"https:\/\/aseatatthetable.cfpdp.com\/index.php\/wp-json\/wp\/v2\/pages\/583","targetHints":{"allow":["GET"]}}],"collection":[{"href":"https:\/\/aseatatthetable.cfpdp.com\/index.php\/wp-json\/wp\/v2\/pages"}],"about":[{"href":"https:\/\/aseatatthetable.cfpdp.com\/index.php\/wp-json\/wp\/v2\/types\/page"}],"author":[{"embeddable":true,"href":"https:\/\/aseatatthetable.cfpdp.com\/index.php\/wp-json\/wp\/v2\/users\/2"}],"replies":[{"embeddable":true,"href":"https:\/\/aseatatthetable.cfpdp.com\/index.php\/wp-json\/wp\/v2\/comments?post=583"}],"version-history":[{"count":13,"href":"https:\/\/aseatatthetable.cfpdp.com\/index.php\/wp-json\/wp\/v2\/pages\/583\/revisions"}],"predecessor-version":[{"id":1577,"href":"https:\/\/aseatatthetable.cfpdp.com\/index.php\/wp-json\/wp\/v2\/pages\/583\/revisions\/1577"}],"wp:attachment":[{"href":"https:\/\/aseatatthetable.cfpdp.com\/index.php\/wp-json\/wp\/v2\/media?parent=583"}],"curies":[{"name":"wp","href":"https:\/\/api.w.org\/{rel}","templated":true}]}}